{"id":7,"date":"2014-01-21T18:18:42","date_gmt":"2014-01-21T16:18:42","guid":{"rendered":"http:\/\/wp12007539.server-he.de\/wordpress\/?page_id=7"},"modified":"2020-03-01T12:27:40","modified_gmt":"2020-03-01T10:27:40","slug":"session","status":"publish","type":"page","link":"http:\/\/kcwincheringen.de\/?page_id=7","title":{"rendered":"Session"},"content":{"rendered":"<p><strong>KC Wei R\u00fcnn Wincheringen 1986 e. V. &#8211; Session 2019\/2020<br \/>\n<\/strong><\/p>\n<p><strong>Inthronisierung<\/strong><\/p>\n<p>Der Karnevalsclub Wincheringen ist am 07. + 08. Februar in die neue Session gestartet.<\/p>\n<p>Am Freitag, 07. Februar wurde das neue Prinzenpaar um Astrid Bohn und Paul Useldinger im Rahmen der Inthronisierung in ihr Amt eingef\u00fchrt. Traditionell \u00fcbergab B\u00fcrgermeister Elmar Sch\u00f6mann den Schl\u00fcssel der Gemeinde und lie\u00df es sich anschlie\u00dfend nicht nehmen einen Vortrag \u00fcber die politischen Themen in Wincheringen vorzutragen der mit viel Applaus bedacht wurde. Weitere Punkte waren T\u00e4nze der Garden, Gesang von Britta Loch und Sina Philipps und die Verabschiedung der alten Prinzenpaare. Als Abschluss des Abends schaute Kamelle Kapelle f\u00fcr einen Gastauftritt vorbei und brachte die Halle zum Beben.<\/p>\n<p><strong>Kappensitzung<\/strong><\/p>\n<p>Am Samstag 08. Februar fand die 1.Kappensitzung statt. In dieser Session wurde das Motto: &#8222;Ob Aaff, Giraff \u00f6dder H\u00fcnn, an Wenicher rieft den Zoo Wei r\u00fcnn&#8220; bis in die fr\u00fchen Morgenstunden gefeiert.<\/p>\n<p>Zu Beginn erfolgte der Einmarsch des tierischen 6er-Rates samt den Sitzungspr\u00e4sidenten Petra Welter und J\u00fcrgen Philipps. Anschlie\u00dfend tanzte die Jugendgarde bevor das am Tag zuvor inthronisierte Prinzenpaar die B\u00fchne betrat und ihre Rede vortrug. Nach dem Tanz der Prinzengarde betrat Johannes Permesang als erster B\u00fcttenredner die B\u00fchne und erz\u00e4hlte \u00fcber die verr\u00fcckten Erlebnisse als Zoow\u00e4chter. Anschlie\u00dfend zeigten die beiden Tanzmariechen Jenny Repplinger und Ma\u00e9va Denzer ihr ganzes k\u00f6nnen. Zum ersten Mal in der B\u00fctt war der zweite Redner des Abends, Rene Beck. Er erz\u00e4hlte aus seinem Leben als Pastor. Am Ende seines Vortrages erhob sich die Narhalla und spendete verdienten Applaus &#8211; ein Highlight des Abends. Bevor es in die Pause ging tanzte der Showtanz aus Schoden f\u00fcr das Publikum.<\/p>\n<p>Die zweite H\u00e4lfte wurde mit einem Sketch er\u00f6ffnet. Weiter im Programm ging es mit Knalli alias Manfred Philipps mit einer gereimten Rede. Die Stimmung steigerte sich weiter als der Showtanz aus Fisch mit ihrem Tanz als Gangster und Gauner die 20ger Jahre wieder aufleben lie\u00df. Als letzter Redner betrat Easy alias Aloysius Wietor die B\u00fchne und erz\u00e4hlte von seinen Erlebnissen. Als vorletzter Programmpunkt heizte das M\u00e4nnerballett mit ihrer Tanzeinlage dem Publikum ein, ehe das Finale um Britta Loch und Sina Philipps die Kappensitzung abschloss.<\/p>\n<p>Der KCW m\u00f6chte sich bei allen Aktiven, Helfern und Zuschauern f\u00fcr die sch\u00f6ne Kappensitzung bedanken.&nbsp;<\/p>\n<p><strong>Umzug<\/strong><\/p>\n<p>Am 22. M\u00e4rz zog der traditionelle Fastnachtsumzug durch die Stra\u00dfen der Gemeinde Wincheringen. 32 Gruppen sorgten trotz bew\u00f6lkten aber trockenen Wetters f\u00fcr ausgelassene Stimmung bei jung und alt. Der KCW unterst\u00fctzt jede Gruppe mit Wein und Wurfmaterial. Dadurch konnten die Teilnehmer des Umzuges fast tausend Flaschen Wein an die erwachsenen Zuschauer und gro\u00dfe Mengen S\u00fc\u00dfigkeiten an die Kinder verteilen. Neben den verteilten Getr\u00e4nken und Materialien sorgen die sch\u00f6nen Wagen und Gruppen f\u00fcr Stimmung. In diesem Jahr wurde zudem ein neuer Zuschauerrekord aufgestellt. Nach dem Umzug wurde der Tag in der Sporthalle mit Musik bis in die fr\u00fchen Morgenstunden ausklingen gelassen.<\/p>\n<p>Damit ein Umzug in dieser Art \u00fcberhaupt funktionieren kann m\u00f6chte sich der KC Wincheringen ausdr\u00fccklich bei allen Helfern bedanken. Gerade in Zeiten von steigenden Zuschauerzahlen und neuen Auflagen ist dies f\u00fcr eine Veranstaltung unerl\u00e4sslich. Der besondere Dank geht an die Feuerwehren aus Wincheringen, Helfant und Wehr f\u00fcr die Absicherung der Stra\u00dfen und Kreuzungen vor und w\u00e4hrend des Umzuges. Der Polizeiinspektion Saarburg, den Rettungsdiensten und den First Responder f\u00fcr die Sicherstellung der Erstversorgung. Der Gemeinde Wincheringen f\u00fcr die Unterst\u00fctzung bei der Durchf\u00fchrung und den Gemeindearbeitern f\u00fcr die Reinigung der Stra\u00dfen. Der Grundschule Wincheringen f\u00fcr das bereitstellen der Halle. Allen anwesenden Pressemitarbeitern f\u00fcr die Berichterstattung. Den Anwohnern an der Umzugsstrecke f\u00fcr die L\u00e4rmbel\u00e4stigung und Verschmutzungen w\u00e4hrend des Umzuges. Nicht zuletzt auch ein Dank an alle aktiven Teilnehmer des Umzuges sowie den Zuschauern und weitern Helfern.<\/p>\n<p>&nbsp;<\/p>\n","protected":false},"excerpt":{"rendered":"<p>KC Wei R\u00fcnn Wincheringen 1986 e. V. &#8211; Session 2019\/2020 Inthronisierung Der Karnevalsclub Wincheringen ist am 07. + 08. Februar in die neue Session gestartet. Am Freitag, 07. Februar wurde das neue Prinzenpaar um Astrid Bohn und Paul Useldinger im Rahmen der Inthronisierung in ihr Amt eingef\u00fchrt. Traditionell \u00fcbergab B\u00fcrgermeister Elmar Sch\u00f6mann den Schl\u00fcssel der [&hellip;]<\/p>\n","protected":false},"author":1,"featured_media":0,"parent":0,"menu_order":0,"comment_status":"closed","ping_status":"closed","template":"","meta":{"ngg_post_thumbnail":0},"_links":{"self":[{"href":"http:\/\/kcwincheringen.de\/index.php?rest_route=\/wp\/v2\/pages\/7"}],"collection":[{"href":"http:\/\/kcwincheringen.de\/index.php?rest_route=\/wp\/v2\/pages"}],"about":[{"href":"http:\/\/kcwincheringen.de\/index.php?rest_route=\/wp\/v2\/types\/page"}],"author":[{"embeddable":true,"href":"http:\/\/kcwincheringen.de\/index.php?rest_route=\/wp\/v2\/users\/1"}],"replies":[{"embeddable":true,"href":"http:\/\/kcwincheringen.de\/index.php?rest_route=%2Fwp%2Fv2%2Fcomments&post=7"}],"version-history":[{"count":26,"href":"http:\/\/kcwincheringen.de\/index.php?rest_route=\/wp\/v2\/pages\/7\/revisions"}],"predecessor-version":[{"id":779,"href":"http:\/\/kcwincheringen.de\/index.php?rest_route=\/wp\/v2\/pages\/7\/revisions\/779"}],"wp:attachment":[{"href":"http:\/\/kcwincheringen.de\/index.php?rest_route=%2Fwp%2Fv2%2Fmedia&parent=7"}],"curies":[{"name":"wp","href":"https:\/\/api.w.org\/{rel}","templated":true}]}}